{"id":2722,"date":"2017-10-23T12:38:40","date_gmt":"2017-10-23T10:38:40","guid":{"rendered":"\/\/www.villaalme.it\/kontakte\/"},"modified":"2025-08-01T11:14:16","modified_gmt":"2025-08-01T09:14:16","slug":"kontakte","status":"publish","type":"page","link":"https:\/\/www.villaalme.it\/de\/kontakte\/","title":{"rendered":"Kontakte"},"content":{"rendered":"<section class=\"av_textblock_section \"  itemscope=\"itemscope\" itemtype=\"https:\/\/schema.org\/CreativeWork\" ><div class='avia_textblock  '   itemprop=\"text\" ><div style=\"overflow: hidden; width: 100%; position: relative;\">\n<p><iframe loading=\"lazy\" src=\"https:\/\/maps.google.com\/maps?width=100%&amp;height=440&amp;hl=en&amp;q=Villa%20Alm%C3%A9%20%20Via%20Rigole%209%20%2031040%20Mansu%C3%A8%20(TV)%20%20Italia+(Titolo)&amp;ie=UTF8&amp;t=&amp;z=10&amp;iwloc=B&amp;output=embed\" width=\"100%\" height=\"440\" frameborder=\"0\" marginwidth=\"0\" marginheight=\"0\" scrolling=\"no\"><\/iframe><\/p>\n<div style=\"position: absolute; width: 80%; bottom: 10px; left: 0; right: 0; margin-left: auto; margin-right: auto; color: #000; text-align: center;\"><small style=\"line-height: 1.8; font-size: 2px; background: #fff;\">Powered by <a href=\"https:\/\/embedgooglemaps.com\/es\/\">https:\/\/embedgooglemaps.com\/es\/<\/a> &amp; <a href=\"https:\/\/lasagradafamiliatickets.de\/la-sagrada-familia-ticket\/\">buch voraus<\/a><\/small><\/div>\n<style>#gmap_canvas img{max-width:none!important;background:none!important}<\/style>\n<\/div>\n<\/div><\/section>\n<\/div><\/div><\/div><!-- close content main div --><\/div><\/div><div id='av_section_1'  class='avia-section main_color avia-section-default avia-no-shadow avia-bg-style-scroll  avia-builder-el-1  el_after_av_textblock  avia-builder-el-last   container_wrap sidebar_right' style='background-repeat: no-repeat; background-image: url(https:\/\/www.villaalme.it\/wp-content\/uploads\/2019\/12\/simbolovillaalme_grigio-495x400.png);background-attachment: scroll; background-position: bottom right;  '  data-section-bg-repeat='no-repeat'><div class='container' ><div class='template-page content  av-content-small alpha units'><div class='post-entry post-entry-type-page post-entry-2722'><div class='entry-content-wrapper clearfix'>\n<div class=\"flex_column av_three_fifth  flex_column_div av-zero-column-padding first  avia-builder-el-2  el_before_av_two_fifth  avia-builder-el-first  \" style='border-radius:0px; '><section class=\"av_textblock_section \"  itemscope=\"itemscope\" itemtype=\"https:\/\/schema.org\/CreativeWork\" ><div class='avia_textblock  '   itemprop=\"text\" ><h3 data-start=\"373\" data-end=\"410\"><strong data-start=\"382\" data-end=\"410\">Sommerpause \u2013 Villa Alm\u00e8<\/strong><\/h3>\n<p data-start=\"412\" data-end=\"608\">Wir informieren unsere gesch\u00e4tzten Besucher, dass <strong data-start=\"462\" data-end=\"533\">Villa Alm\u00e8 vom 10. bis einschlie\u00dflich 29. August geschlossen bleibt<\/strong>.<br data-start=\"534\" data-end=\"537\" \/>Ab <strong data-start=\"540\" data-end=\"567\">Freitag, dem 30. August<\/strong>, sind wir wieder wie gewohnt f\u00fcr Sie da.<\/p>\n<p data-start=\"610\" data-end=\"660\">Vielen Dank f\u00fcr Ihr Verst\u00e4ndnis und sch\u00f6ne Ferien!<\/p>\n<\/div><\/section><br \/>\n<div   class='hr hr-default   avia-builder-el-4  el_after_av_textblock  el_before_av_codeblock '><span class='hr-inner ' ><span class='hr-inner-style'><\/span><\/span><\/div><br \/>\n<br \/>\n<section class=\"av_textblock_section \"  itemscope=\"itemscope\" itemtype=\"https:\/\/schema.org\/CreativeWork\" ><div class='avia_textblock  '   itemprop=\"text\" ><p><!-- Mr PRENO form --><\/p>\n<div id=\"mrp_form\" data-sid=\"1779\"><\/div>\n<p><script type=\"text\/javascript\">\n    if(typeof window.mrpFormInstances == 'undefined') window.mrpFormInstances = [];\n    var mrp_form = {\n        container: '#mrp_form',\n        structure_id: 8885\n    };\n    window.mrpFormInstances.push(mrp_form);\n<\/script><br \/>\n<script type=\"text\/javascript\" src=\"https:\/\/forms.mrpreno.net\/assets\/formsV2\/dist\/form-widget-sa.js\" async ><\/script><br \/>\n<!-- Mr PRENO end form --><\/p>\n<\/div><\/section><\/p><\/div><div class=\"flex_column av_two_fifth  flex_column_div av-zero-column-padding   avia-builder-el-7  el_after_av_three_fifth  avia-builder-el-last  \" style='border-radius:0px; '><p><section class=\"av_textblock_section \"  itemscope=\"itemscope\" itemtype=\"https:\/\/schema.org\/CreativeWork\" ><div class='avia_textblock  '   itemprop=\"text\" ><p>Villa Alm\u00e9<\/p>\n<p>Via Rigole 9<\/p>\n<p>31040 Mansu\u00e8 (TV)<\/p>\n<p>Italia<\/p>\n<p><strong>Agrotourismus:<\/strong> +39 0422 756721<\/p>\n<p><strong>Weinkeller:<\/strong> +39 0422 755173<\/p>\n<p><span  class=\"av_font_icon avia_animate_when_visible avia-icon-animate  av-icon-style-  av-no-color avia-icon-pos-left \" style=\"\"><span class='av-icon-char' style='font-size:30px;line-height:30px;' aria-hidden='true' data-av_icon='\ue805' data-av_iconfont='entypo-fontello' ><\/span><\/span> info@villaalme.it<\/p>\n<\/div><\/section><br \/>\n<div   class='hr hr-default   avia-builder-el-10  el_after_av_textblock  el_before_av_codeblock '><span class='hr-inner ' ><span class='hr-inner-style'><\/span><\/span><\/div><br \/>\n<br \/>\n<section class=\"av_textblock_section \"  itemscope=\"itemscope\" itemtype=\"https:\/\/schema.org\/CreativeWork\" ><div class='avia_textblock  '   itemprop=\"text\" ><p>Die Gemeinde Mansu\u00e8 liegt in der Provinz Treviso in der Region Venetien in Italien. Die Satelliten-Koordinaten von Mansu\u00e8 sind: 45\u00b0 49\u2019 13\u2033n\u00f6rdliche Breite und 12\u00b0 32\u2019 5\u2033\u00f6stliche L\u00e4nge<\/p>\n<p>Sie liegt 48,8 km, also etwa 45 Min., vom Flughafen Marco Polo in Venedig und 37,0 km, also etwa 42 Min., vom Flughafen Canova in Treviso entfernt.<\/p>\n<\/div><\/section><\/p><\/div><\/div><\/div><\/div><!-- close content main div --><\/div><\/div><div id='after_section_1'  class='main_color av_default_container_wrap container_wrap sidebar_right' style=' '  ><div class='container' ><div class='template-page content  av-content-small alpha units'><div class='post-entry post-entry-type-page post-entry-2722'><div class='entry-content-wrapper clearfix'>\n","protected":false},"excerpt":{"rendered":"","protected":false},"author":2,"featured_media":0,"parent":0,"menu_order":0,"comment_status":"closed","ping_status":"closed","template":"","meta":{"footnotes":""},"_links":{"self":[{"href":"https:\/\/www.villaalme.it\/de\/wp-json\/wp\/v2\/pages\/2722"}],"collection":[{"href":"https:\/\/www.villaalme.it\/de\/wp-json\/wp\/v2\/pages"}],"about":[{"href":"https:\/\/www.villaalme.it\/de\/wp-json\/wp\/v2\/types\/page"}],"author":[{"embeddable":true,"href":"https:\/\/www.villaalme.it\/de\/wp-json\/wp\/v2\/users\/2"}],"replies":[{"embeddable":true,"href":"https:\/\/www.villaalme.it\/de\/wp-json\/wp\/v2\/comments?post=2722"}],"version-history":[{"count":31,"href":"https:\/\/www.villaalme.it\/de\/wp-json\/wp\/v2\/pages\/2722\/revisions"}],"predecessor-version":[{"id":4763,"href":"https:\/\/www.villaalme.it\/de\/wp-json\/wp\/v2\/pages\/2722\/revisions\/4763"}],"wp:attachment":[{"href":"https:\/\/www.villaalme.it\/de\/wp-json\/wp\/v2\/media?parent=2722"}],"curies":[{"name":"wp","href":"https:\/\/api.w.org\/{rel}","templated":true}]}}